{"id":896,"date":"2021-06-07T14:26:01","date_gmt":"2021-06-07T11:26:01","guid":{"rendered":"http:\/\/localveri.net\/apleona\/?page_id=896"},"modified":"2021-06-12T12:38:20","modified_gmt":"2021-06-12T09:38:20","slug":"kisisel-verilerin-korunmasina-iliskin-basvuru","status":"publish","type":"page","link":"https:\/\/www.apleona.com.tr\/en\/kisisel-verilerin-korunmasina-iliskin-basvuru\/","title":{"rendered":"K\u0130\u015e\u0130SEL VER\u0130LER\u0130N KORUNMASINA \u0130L\u0130\u015eK\u0130N BA\u015eVURU"},"content":{"rendered":"<h2>K\u0130\u015e\u0130SEL VER\u0130LER\u0130N KORUNMASINA \u0130L\u0130\u015eK\u0130N BA\u015eVURU<\/h2>\n<p><strong>1. K\u0130\u015e\u0130SEL VER\u0130LER\u0130N \u0130\u015eLENMES\u0130 HAKKINDA AYDINLATMA METN\u0130<\/strong><\/p>\n<p>Bu metin, 6698 say\u0131l\u0131 \u201cKi\u015fisel Verilerin Korunmas\u0131 Kanunu\u201d uyar\u0131nca haz\u0131rlanm\u0131\u015ft\u0131r. 6698 say\u0131l\u0131 Ki\u015fisel Verilerin Korunmas\u0131 Kanunu&#8217;na (bundan b\u00f6yle \u201c<strong>KVK Kanunu<\/strong>\u201d olarak ifade edilecektir) g\u00f6re <strong>Apleona HSG Y\u00f6netim Hizmetleri ve Ticaret Ltd. \u015eti.<\/strong> (bundan b\u00f6yle \u201c<strong>APLEONA<\/strong>\u201d olarak ifade edilecektir) sizinle ilgili ki\u015fisel verileri i\u015flemesi sebebiyle veri sorumlusudur. KVK Kanunu \u201cilgili ki\u015fi\u201d i\u00e7in \u201cki\u015fisel verisi i\u015flenen ger\u00e7ek ki\u015fi\u201d ifadesi kullan\u0131lm\u0131\u015ft\u0131r.<\/p>\n<p>APLEONA olarak ki\u015fisel verilerin i\u015flenmesinde ba\u015fta \u00f6zel hayat\u0131n gizlili\u011fi olmak \u00fczere ilgili ki\u015filerin temel hak ve \u00f6zg\u00fcrl\u00fcklerini korumak temel hedeflerimizden birisidir. Bu fark\u0131ndal\u0131kla sizlerin ki\u015fisel verilerinizi a\u015fa\u011f\u0131da izah edildi\u011fi surette ve mevzuat taraf\u0131ndan emredilen s\u0131n\u0131rlar \u00e7er\u00e7evesinde i\u015flemekteyiz. Veri Sorumlusu s\u0131fat\u0131yla kanunun \u201cVeri Sorumlusunun Ayd\u0131nlatma Y\u00fck\u00fcml\u00fcl\u00fc\u011f\u00fc\u201d ba\u015fl\u0131kl\u0131 10. maddesi uyar\u0131nca sizleri bilgilendirmek isteriz.<\/p>\n<p><strong>1.1. \u0130lgili Ki\u015fi Ba\u015fvurusunda Ki\u015fisel Verilerin \u0130\u015flenme Amac\u0131 ve Aktar\u0131m\u0131<\/strong><\/p>\n<p>APLEONA mevzuatta tan\u0131ml\u0131 ama\u00e7la s\u0131n\u0131rl\u0131 olmak \u00fczere; ilgili ki\u015fi ba\u015fvurular\u0131nda ba\u015fvuru ile ilgili kimlik teyidi yapabilmek, ilgili ki\u015fi ba\u015fvurular\u0131n\u0131 de\u011ferlendirip sonu\u00e7land\u0131rabilmek, ilgili ki\u015fi ile ileti\u015fim kurabilmek i\u00e7in ki\u015fisel verileri i\u015fleyecektir. Gerekli hallerde ilgili ki\u015fi ba\u015fvurusu ile ilgili baz\u0131 ki\u015fisel verileriniz Ki\u015fisel Verileri Koruma Kurumu ve di\u011fer yetkili makam ve kurumlara bilgi verebilmek amac\u0131yla aktar\u0131lacakt\u0131r. \u0130lgili ki\u015fi ba\u015fvurusu i\u00e7in al\u0131nan ki\u015fisel verileriniz kanunlara uygun olan s\u00fcreler i\u00e7inde imha edecektir. Bu imha s\u00fcreleri, y\u00f6netim sistemi dok\u00fcmanlar\u0131m\u0131z i\u00e7inde yer almaktad\u0131r.<\/p>\n<p><strong>1.2. Ki\u015fisel Veri Toplaman\u0131n Y\u00f6ntemi Ve Hukuki Sebebi<\/strong><\/p>\n<p>Ki\u015fisel verileriniz, matbu ortamlar, elektronik ortamlar, kameralar, web sayfas\u0131, e-posta gibi ara\u00e7lar \u00fczerinden k\u0131smen veya tamamen otomatik olarak ya da herhangi bir kay\u0131t sisteminin par\u00e7as\u0131 olarak toplanabilmektedir. Bu ki\u015fisel veriler \u0130\u015f Kanunu gere\u011fi, \u0130\u015f Sa\u011fl\u0131\u011f\u0131 ve G\u00fcvenli\u011fi mevzuat\u0131 gere\u011fi, 6563 say\u0131l\u0131 Elektronik Ticaretin D\u00fczenlenmesi Kanunu gere\u011fi, T\u00fcrk Ticaret Kanunu gere\u011fi, T\u00fcrk Bor\u00e7lar Kanunu, T\u00fcrk Ceza Kanunu, 6698 say\u0131l\u0131 Ki\u015fisel Verilerin Korunmas\u0131 Kanunu gibi ilgili di\u011fer yasa ve mevzuat gere\u011fi toplanmaktad\u0131r. Ki\u015fisel verileriniz, bir s\u00f6zle\u015fmenin ifas\u0131 i\u00e7in kanunlarda \u00f6ng\u00f6r\u00fclmesi halinde;<br \/>\nbir hukuki y\u00fck\u00fcml\u00fcl\u00fc\u011f\u00fcn yerin getirilmesi amac\u0131yla, veri sorumlusunun me\u015fru menfaati gere\u011fi veya farkl\u0131 yasal hukuki sebeplerle toplanmakta ve i\u015flenmektedir.<\/p>\n<p>Ki\u015fisel verilerinizin hukuka ayk\u0131r\u0131 olarak i\u015flenmemesi ve verilerinize hukuka ayk\u0131r\u0131 olarak eri\u015filmemesi i\u00e7in teknik ve idari tedbirler al\u0131nm\u0131\u015ft\u0131r.<\/p>\n<p><strong>2. BA\u015eVURU HAKKI<\/strong><\/p>\n<p><strong>2.1. Ba\u015fvuru Konular\u0131<\/strong><\/p>\n<p>KVK Kanunu\u2019nun 11. maddesi uyar\u0131nca, ki\u015fisel verileri i\u015flenen herkes APLEONA\u2019ya ba\u015fvurarak kendisi ile ilgili a\u015fa\u011f\u0131da yer alan konularla ilgili taleplerde bulunabilir:<\/p>\n<ul>\n<li>Ki\u015fisel verilerinin i\u015flenip i\u015flenmedi\u011fini \u00f6\u011frenme,<\/li>\n<li>Ki\u015fisel verileri i\u015flenmi\u015fse buna ili\u015fkin bilgi talep etme,<\/li>\n<li>Ki\u015fisel verilerinin i\u015flenme amac\u0131 ve bunlar\u0131n amac\u0131na uygun kullan\u0131l\u0131p kullan\u0131lmad\u0131\u011f\u0131n\u0131 \u00f6\u011frenme,<\/li>\n<li>Ki\u015fisel verilerinin yurt i\u00e7inde veya yurt d\u0131\u015f\u0131nda aktar\u0131ld\u0131\u011f\u0131 \u00fc\u00e7\u00fcnc\u00fc ki\u015fileri \u00f6\u011frenme,<\/li>\n<li>Ki\u015fisel verilerinin eksik veya yanl\u0131\u015f i\u015flenmi\u015f olmas\u0131 halinde bunlar\u0131n d\u00fczeltilmesini isteme ve bu kapsamda yap\u0131lan i\u015flemin ki\u015fisel verilerin aktar\u0131ld\u0131\u011f\u0131 \u00fc\u00e7\u00fcnc\u00fc ki\u015filere bildirilmesini isteme,<\/li>\n<li>Ki\u015fisel verilerinin i\u015flenmesini gerektiren sebeplerin ortadan kalkmas\u0131 halinde bunlar\u0131n silinmesini, yok edilmesini veya anonim hale getirilmesini isteme ve bu kapsamda yap\u0131lan i\u015flemin ki\u015fisel verilerin aktar\u0131ld\u0131\u011f\u0131 \u00fc\u00e7\u00fcnc\u00fc ki\u015filere bildirilmesini isteme,<br \/>\n\u0130\u015flenen verilerinin m\u00fcnhas\u0131ran otomatik sistemler vas\u0131tas\u0131yla analiz edilmesi suretiyle ki\u015fisel veri sahibinin aleyhine bir sonucun ortaya \u00e7\u0131kmas\u0131na itiraz etme,<\/li>\n<li>Ki\u015fisel verilerinin kanuna ayk\u0131r\u0131 olarak i\u015flenmesi sebebiyle zarara u\u011framas\u0131 halinde zarar\u0131n giderilmesini talep etme.<\/li>\n<\/ul>\n<p><strong>2.2. Ba\u015fvuru Hakk\u0131n\u0131n Kapsam\u0131 D\u0131\u015f\u0131nda Kalan Durumlar<\/strong><\/p>\n<p>KVK Kanunu\u2019nun 28. maddesi gere\u011fince, a\u015fa\u011f\u0131daki hallerde ki\u015fisel veri sahiplerinin haklar\u0131n\u0131 ileri s\u00fcrmeleri m\u00fcmk\u00fcn olmayacakt\u0131r:<\/p>\n<ul>\n<li>Ki\u015fisel verilerin, \u00fc\u00e7\u00fcnc\u00fc ki\u015filere verilmemek ve veri g\u00fcvenli\u011fine ili\u015fkin y\u00fck\u00fcml\u00fcl\u00fcklere uyulmak kayd\u0131yla ger\u00e7ek ki\u015filer taraf\u0131ndan tamamen kendisiyle veya ayn\u0131 konutta ya\u015fayan aile fertleriyle ilgili faaliyetler kapsam\u0131nda i\u015flenmesi.<\/li>\n<li>Ki\u015fisel verilerin resmi istatistik ile anonim h\u00e2le getirilmek suretiyle ara\u015ft\u0131rma, planlama ve istatistik gibi ama\u00e7larla i\u015flenmesi.<\/li>\n<li>Ki\u015fisel verilerin mill\u00ee savunmay\u0131, mill\u00ee g\u00fcvenli\u011fi, kamu g\u00fcvenli\u011fini, kamu d\u00fczenini, ekonomik g\u00fcvenli\u011fi, \u00f6zel hayat\u0131n gizlili\u011fini veya ki\u015filik haklar\u0131n\u0131 ihlal etmemek ya da su\u00e7 te\u015fkil etmemek kayd\u0131yla, sanat, tarih, edebiyat veya bilimsel ama\u00e7larla ya da ifade \u00f6zg\u00fcrl\u00fc\u011f\u00fc kapsam\u0131nda i\u015flenmesi.<\/li>\n<li>Ki\u015fisel verilerin mill\u00ee savunmay\u0131, mill\u00ee g\u00fcvenli\u011fi, kamu g\u00fcvenli\u011fini, kamu d\u00fczenini veya ekonomik g\u00fcvenli\u011fi sa\u011flamaya y\u00f6nelik olarak kanunla g\u00f6rev ve yetki verilmi\u015f kamu kurum ve kurulu\u015flar\u0131 taraf\u0131ndan y\u00fcr\u00fct\u00fclen \u00f6nleyici, koruyucu ve istihbari faaliyetler kapsam\u0131nda i\u015flenmesi.<\/li>\n<li>Ki\u015fisel verilerin soru\u015fturma, kovu\u015fturma, yarg\u0131lama veya infaz i\u015flemlerine ili\u015fkin olarak yarg\u0131 makamlar\u0131 veya infaz mercileri taraf\u0131ndan i\u015flenmesi.<\/li>\n<\/ul>\n<p><strong>3. BA\u015eVURU USUL\u00dc<\/strong><\/p>\n<p>Ki\u015fisel Verileri Koruma Kurumu taraf\u0131ndan 10.03.2018 tarihli ve 30356 say\u0131l\u0131 Resmi Gazete\u2019de yay\u0131mlanan \u201cVeri Sorumlusuna Ba\u015fvuru Usul ve Esaslar\u0131 Hakk\u0131nda Tebli\u011f\u201d\u2019in 5. maddesi gere\u011fince, i\u015fbu form (APL.\u0130K.FRM.044 Veri \u0130lgilisi Ba\u015fvuru Formu) ile a\u015fa\u011f\u0131da a\u00e7\u0131klanan y\u00f6ntemlerden biriyle ba\u015fvuru APLEONA\u2019ya iletilir. Ba\u015fvurular, T\u00fcrk\u00e7e olmal\u0131d\u0131r.<\/p>\n<p>Ba\u015fvurular\u0131n kimli\u011fini tespit edici gerekli bilgiler ile KVK Kanunu\u2019nun 11. maddesinde belirtilen haklardan kullan\u0131lmas\u0131 talep edilen hakka y\u00f6nelik a\u00e7\u0131klamay\u0131 i\u00e7erecek \u015fekilde a\u015fa\u011f\u0131daki linkte yer alan \u201cVeri \u0130lgilisi Ba\u015fvuru Formu\u201d doldurularak,<\/p>\n<ul>\n<li>Yaz\u0131l\u0131 ba\u015fvuru \u0131slak imzal\u0131 olarak bizzat veya noter arac\u0131l\u0131\u011f\u0131 ile <strong>Apleona HSG Y\u00f6netim Hizmetleri Ve Ticaret Ltd. \u015eti., \u0130\u00e7erenk\u00f6y Mahallesi \u00c7ay\u0131r Cad. Parta\u015f Center No: 1 \/4 D:16 Ata\u015fehir \/ \u0130stanbul<\/strong> adresine iletilir. Ba\u015fvuru g\u00f6nderimlerinin \u201cKi\u015fisel Verilerin Korunmas\u0131 Kanunu Kapsam\u0131nda Bilgi Talebi\u201d yaz\u0131larak iletilmesi gerekmektedir.<\/li>\n<li>Elektronik ortamda g\u00f6nderim; ki\u015fisel veri sahibine ait kay\u0131tl\u0131 elektronik posta (KEP) adresi, g\u00fcvenli elektronik imza, mobil imza ya da ki\u015fisel veri sahibi taraf\u0131ndan APLEONA\u2019ya daha \u00f6nce bildirilen ve APLEONA sisteminde kay\u0131tl\u0131 bulunan elektronik posta adresi uzant\u0131l\u0131 e-posta adresi arac\u0131l\u0131\u011f\u0131yla info.tr@apleona.com adresine g\u00f6nderilir. Ba\u015fvuru g\u00f6nderimlerinin \u201cKi\u015fisel Verilerin Korunmas\u0131 Kanunu Kapsam\u0131nda Bilgi Talebi\u201d yaz\u0131larak iletilmesi gerekmektedir.<\/li>\n<\/ul>\n<p>Ba\u015fvuruda;<\/p>\n<ul>\n<li>Ad,\u00a0soyad\u00a0ve ba\u015fvuru yaz\u0131l\u0131 ise imza,<\/li>\n<li>T\u00fcrkiye Cumhuriyeti vatanda\u015flar\u0131 i\u00e7in T.C. kimlik numaras\u0131, yabanc\u0131lar i\u00e7in uyru\u011fu, pasaport numaras\u0131 veya varsa kimlik numaras\u0131,<\/li>\n<li>Tebligata esas yerle\u015fim yeri veya i\u015f yeri adresi,<\/li>\n<li>Varsa bildirime esas elektronik posta adresi, telefon ve faks numaras\u0131,<\/li>\n<li>Talep konusu, bulunmas\u0131\u00a0zorunludur.<\/li>\n<\/ul>\n<p>Konuya ili\u015fkin bilgi ve belgeler ba\u015fvuruya eklenir. Yaz\u0131l\u0131 ba\u015fvurularda, veri sorumlusuna veya temsilcisine evrak\u0131n tebli\u011f edildi\u011fi tarih, ba\u015fvuru tarihidir. Di\u011fer y\u00f6ntemlerle yap\u0131lan ba\u015fvurularda; ba\u015fvurunun veri sorumlusuna ula\u015ft\u0131\u011f\u0131 tarih, ba\u015fvuru tarihidir.<\/p>\n<p><strong>4. BA\u015eVURUYA CEVAP<\/strong><\/p>\n<p>KVK Kanunu\u2019nun 13. maddesine uygun olarak APLEONA, ki\u015fisel veri sahibinin yapm\u0131\u015f oldu\u011fu ba\u015fvuru taleplerini, talebin niteli\u011fine g\u00f6re en k\u0131sa s\u00fcrede ve en ge\u00e7 otuz (30) g\u00fcn i\u00e7inde \u00fccretsiz olarak sonu\u00e7land\u0131racakt\u0131r.<br \/>\nKi\u015fisel Verileri Koruma Kurumu taraf\u0131ndan 10.03.2018 tarihli ve 30356 say\u0131l\u0131 Resmi Gazete\u2019de yay\u0131mlanan \u201cVeri Sorumlusuna Ba\u015fvuru Usul ve Esaslar\u0131 Hakk\u0131nda Tebli\u011f\u201dde belirtildi\u011fi \u00fczere;<\/p>\n<ul>\n<li>\u0130lgili ki\u015finin ba\u015fvurusuna yaz\u0131l\u0131 olarak cevap verilecekse, on sayfaya kadar \u00fccret al\u0131nmaz. On sayfan\u0131n \u00fczerindeki her sayfa i\u00e7in 1 T\u00fcrk Liras\u0131 i\u015flem \u00fccreti al\u0131nabilir.<\/li>\n<li>Ba\u015fvuruya cevab\u0131n CD,\u00a0ta\u015f\u0131nabilir\u00a0bellek gibi bir kay\u0131t ortam\u0131nda verilmesi halinde veri sorumlusu taraf\u0131ndan talep edilebilecek \u00fccret kay\u0131t ortam\u0131n\u0131n maliyetini ge\u00e7emez.<\/li>\n<li>Talebin hakl\u0131 g\u00f6r\u00fclmesi halinde bu \u00fccret ilgili ki\u015fiye iade edilecektir.<\/li>\n<\/ul>\n<p>\u0130lgili ki\u015finin sahip oldu\u011fu ve yukar\u0131da belirtilen haklar\u0131 kullanmak i\u00e7in yapaca\u011f\u0131 ve kullanmay\u0131 talep etti\u011fi hakka ili\u015fkin a\u00e7\u0131klamalar\u0131 i\u00e7eren ba\u015fvuruda; talep etti\u011fi hususun a\u00e7\u0131k ve anla\u015f\u0131l\u0131r olmas\u0131, talep etti\u011fi konunun \u015fahs\u0131 ile ilgili olmas\u0131 veya ba\u015fkas\u0131 ad\u0131na hareket ediyor ise bu konuda \u00f6zel olarak yetkili olmas\u0131 ve yetkisini belgelendirmesi, ba\u015fvurunun kimlik ve adres bilgilerini i\u00e7ermesi ve ba\u015fvuruya kimli\u011fini tevsik edici belgelerin eklenmesi gerekmektedir.<\/p>\n<p>Ki\u015fisel verilerinizin g\u00fcvenli\u011fini sa\u011flamak amac\u0131yla, APLEONA taraf\u0131ndan, ba\u015fvuruda bulunan ki\u015fiden kimlik ve yetki tespiti amac\u0131yla bilgi talep edebilecektir.<\/p>\n<p>Ki\u015fisel veri sahibinin ba\u015fvurusu a\u015fa\u011f\u0131da belirtilen durumlarda reddedilebilecektir:<\/p>\n<ul>\n<li>Di\u011fer ki\u015filerin hak ve \u00f6zg\u00fcrl\u00fcklerini engellemesi<\/li>\n<li>Bilginin kamuya a\u00e7\u0131k bir bilgi olmas\u0131<\/li>\n<li>Ba\u015fkalar\u0131n\u0131n gizlili\u011fini tehlikeye atmas\u0131<\/li>\n<li>KVK Kanunu uyar\u0131nca kapsam d\u0131\u015f\u0131nda kalan hallerden birinin mevcut olmas\u0131 (Bkz. 2.2)<\/li>\n<\/ul>\n<p><strong>5. KURUL\u2019A \u015e\u0130K\u00c2YETTE BULUNMA<\/strong><\/p>\n<p>KVK Kanunu\u2019nun 14. maddesi uyar\u0131nca, ba\u015fvurunun reddedilmesi, verilen cevab\u0131n yetersiz bulunmas\u0131 veya ba\u015fvuruya s\u00fcresinde cevap verilmemesi hallerinde ki\u015fisel veri sahibi, APLEONA\u2019n\u0131n cevab\u0131n\u0131 \u00f6\u011frendi\u011fi tarihten itibaren 30 (otuz) ve her halde ba\u015fvuru tarihinden itibaren 60 (altm\u0131\u015f) g\u00fcn i\u00e7inde Kurul\u2019a \u015fik\u00e2yette bulunabilir.<\/p>\n<p>APLEONA\u2019ya ba\u015fvuru ger\u00e7ekle\u015ftirilmeden Kurul\u2019a \u015fik\u00e2yet s\u00f6z konusu olamayacakt\u0131r.<\/p>\n<p>Link : <a href=\"http:\/\/localveri.net\/apleona\/wp-content\/uploads\/2021\/06\/APL-IK-FRM-044-Veri-Ilgilisi-Basvuru-Formu-web.xlsx\" target=\"_blank\" rel=\"noopener\">APL.\u0130K.FRM.044 Veri \u0130lgilisi Ba\u015fvuru Formu<\/a><\/p>\n","protected":false},"excerpt":{"rendered":"<p>K\u0130\u015e\u0130SEL VER\u0130LER\u0130N KORUNMASINA \u0130L\u0130\u015eK\u0130N BA\u015eVURU 1. K\u0130\u015e\u0130SEL VER\u0130LER\u0130N \u0130\u015eLENMES\u0130 HAKKINDA AYDINLATMA METN\u0130 Bu metin, 6698 say\u0131l\u0131 \u201cKi\u015fisel Verilerin Korunmas\u0131 Kanunu\u201d uyar\u0131nca haz\u0131rlanm\u0131\u015ft\u0131r. 6698 say\u0131l\u0131 Ki\u015fisel Verilerin Korunmas\u0131 Kanunu&#8217;na (bundan b\u00f6yle \u201cKVK Kanunu\u201d olarak ifade edilecektir) g\u00f6re Apleona HSG Y\u00f6netim Hizmetleri ve Ticaret Ltd. \u015eti. (bundan b\u00f6yle \u201cAPLEONA\u201d olarak ifade edilecektir) sizinle ilgili ki\u015fisel verileri i\u015flemesi [&hellip;]<\/p>\n","protected":false},"author":1,"featured_media":0,"parent":0,"menu_order":0,"comment_status":"closed","ping_status":"closed","template":"","meta":[],"_links":{"self":[{"href":"https:\/\/www.apleona.com.tr\/en\/wp-json\/wp\/v2\/pages\/896"}],"collection":[{"href":"https:\/\/www.apleona.com.tr\/en\/wp-json\/wp\/v2\/pages"}],"about":[{"href":"https:\/\/www.apleona.com.tr\/en\/wp-json\/wp\/v2\/types\/page"}],"author":[{"embeddable":true,"href":"https:\/\/www.apleona.com.tr\/en\/wp-json\/wp\/v2\/users\/1"}],"replies":[{"embeddable":true,"href":"https:\/\/www.apleona.com.tr\/en\/wp-json\/wp\/v2\/comments?post=896"}],"version-history":[{"count":9,"href":"https:\/\/www.apleona.com.tr\/en\/wp-json\/wp\/v2\/pages\/896\/revisions"}],"predecessor-version":[{"id":975,"href":"https:\/\/www.apleona.com.tr\/en\/wp-json\/wp\/v2\/pages\/896\/revisions\/975"}],"wp:attachment":[{"href":"https:\/\/www.apleona.com.tr\/en\/wp-json\/wp\/v2\/media?parent=896"}],"curies":[{"name":"wp","href":"https:\/\/api.w.org\/{rel}","templated":true}]}}